{"id":10027,"date":"2014-07-28T18:06:34","date_gmt":"2014-07-28T10:06:34","guid":{"rendered":"http:\/\/rainfinechina.demo.94500.com\/?page_id=10027"},"modified":"2015-12-17T17:51:30","modified_gmt":"2015-12-17T09:51:30","slug":"how-to-design","status":"publish","type":"page","link":"https:\/\/www.rainfinealgeria.com\/?page_id=10027","title":{"rendered":"Obtenir une conception gratuite"},"content":{"rendered":"[vc_row][vc_column width=&#8221;1\/1&#8243;][mk_image src=&#8221;http:\/\/www.rainfinealgeria.com\/wp-content\/uploads\/2014\/07\/1.design1.jpg&#8221; image_width=&#8221;800&#8243; image_height=&#8221;350&#8243; crop=&#8221;true&#8221; lightbox=&#8221;false&#8221; frame_style=&#8221;simple&#8221; target=&#8221;_self&#8221; caption_location=&#8221;inside-image&#8221; align=&#8221;left&#8221; margin_bottom=&#8221;10&#8243;][vc_column_text disable_pattern=&#8221;true&#8221; align=&#8221;left&#8221; margin_bottom=&#8221;0&#8243;]\n<p>Rainfine utilise des donn\u00e9es d&#8217;image globales du satellite et de logiciels de l\u2019Am\u00e9rique pour cr\u00e9er la carte topographique des terres des agriculteurs. Cette carte topographique peut \u00eatre utilis\u00e9e pour calculer la charge de la station de pompage, la pression dans la conduite du syst\u00e8me de transfert d&#8217;eau selon les besoins en eau du pivot central ou du syst\u00e8me de d\u00e9placement lat\u00e9ral. Peu importe si vous \u00eates en Australie, en Afrique ou en Am\u00e9rique du Sud, cette technologie peut vous aider \u00e0 faire une \u00e9tude de sentiers et de vous aider \u00e0 avoir une image claire sur l&#8217;investissement et le plan budg\u00e9taire. Tous ces faits sont gratuits pour les agriculteurs.<\/p>\n[\/vc_column_text][vc_row_inner][vc_column_inner width=&#8221;1\/2&#8243;][mk_image src=&#8221;http:\/\/www.rainfinealgeria.com\/wp-content\/uploads\/2014\/07\/12.jpg&#8221; image_width=&#8221;300&#8243; image_height=&#8221;300&#8243; crop=&#8221;true&#8221; lightbox=&#8221;false&#8221; frame_style=&#8221;simple&#8221; target=&#8221;_self&#8221; caption_location=&#8221;inside-image&#8221; align=&#8221;center&#8221; margin_bottom=&#8221;10&#8243;][\/vc_column_inner][vc_column_inner width=&#8221;1\/2&#8243;][mk_divider style=&#8221;padding_space&#8221; divider_width=&#8221;full_width&#8221; margin_top=&#8221;5&#8243; margin_bottom=&#8221;10&#8243;][vc_column_text disable_pattern=&#8221;false&#8221; align=&#8221;left&#8221; margin_bottom=&#8221;0&#8243;]<b>Si vous avez besoin d&#8217;irrigation pour la conception de votre ferme, veuillez suivre les \u00e9tapes ci-dessous:<\/b><br \/>\n1. Ouvrez la page Google Earth \u00e0 partir de votre Ordinateur.<br \/>\n2. Marquez la ligne de fronti\u00e8re de votre ferme<br \/>\n3. Marquez l&#8217;emplacement de la source d&#8217;eau: barrage \/ puits \/ Rivi\u00e8re \/ Canal \/ Autres<br \/>\n4. Marquez les obstacles dans votre champ: Maison \/ Arbres \/ poteau t\u00e9l\u00e9graphique \/ route \/ Autres.<br \/>\n5. Faites-nous savoir l&#8217;application d&#8217;eau n\u00e9cessaire (mm \/ 24 h) dans votre r\u00e9gion<br \/>\n<b>Veuillez utiliser les fichiers KML de Google Earth pour montrer l\u2019emplacement sur l&#8217;image. \u00a0<\/b>[\/vc_column_text][\/vc_column_inner][\/vc_row_inner][vc_row_inner][vc_column_inner width=&#8221;1\/2&#8243;][mk_image src=&#8221;http:\/\/www.rainfinealgeria.com\/wp-content\/uploads\/2014\/07\/225.jpg&#8221; image_width=&#8221;300&#8243; image_height=&#8221;244&#8243; crop=&#8221;true&#8221; lightbox=&#8221;false&#8221; frame_style=&#8221;simple&#8221; target=&#8221;_self&#8221; caption_location=&#8221;inside-image&#8221; align=&#8221;center&#8221; margin_bottom=&#8221;10&#8243;][\/vc_column_inner][vc_column_inner width=&#8221;1\/2&#8243;][vc_column_text disable_pattern=&#8221;true&#8221; align=&#8221;left&#8221; margin_bottom=&#8221;0&#8243;]<b>Notre concepteur utilisera le logiciel pour ex\u00e9cuter la conception. Nous allons vous offrir toutes les informations ci-dessous:<\/b><br \/>\n1.Carte Topographique<br \/>\n2.Carte Topographique en couleur<br \/>\n3.Vue de la ferme en 3D<br \/>\n4. Dispositif de changement d\u2019irrgation<br \/>\n5. \u00c9quipement d\u2019irrigation de mise en page<br \/>\n6. R\u00e9seau de canalisations\/ Installations \/ Conception de vanne<br \/>\n7. Syst\u00e8me de la pompe ou de station de pompage[\/vc_column_text][\/vc_column_inner][\/vc_row_inner][vc_row_inner][vc_column_inner width=&#8221;1\/2&#8243;][mk_image src=&#8221;http:\/\/www.rainfinealgeria.com\/wp-content\/uploads\/2014\/07\/1113.jpg&#8221; image_width=&#8221;300&#8243; image_height=&#8221;245&#8243; crop=&#8221;true&#8221; lightbox=&#8221;false&#8221; frame_style=&#8221;simple&#8221; target=&#8221;_self&#8221; caption_location=&#8221;inside-image&#8221; align=&#8221;center&#8221; margin_bottom=&#8221;10&#8243;][\/vc_column_inner][vc_column_inner width=&#8221;1\/2&#8243;][vc_column_text disable_pattern=&#8221;true&#8221; align=&#8221;left&#8221; margin_bottom=&#8221;0&#8243;]8.Solution d&#8217;alimentation \u00e9lectrique \/ diesel<br \/>\n9.Syst\u00e8me d\u2019eau test\u00e9 par l\u2019ordinateur<br \/>\n10.Rapport technique sur pour \u00e9quipements d\u2019irrigation, canalisations et pompes<br \/>\n11.Rapport technique sur la protection du percuteur d\u2019eau<br \/>\n12.Liste d\u2019\u00e9quipements<br \/>\n13.Plan du budget[\/vc_column_text][\/vc_column_inner][\/vc_row_inner][vc_row_inner][vc_column_inner width=&#8221;1\/1&#8243;][mk_image src=&#8221;http:\/\/www.rainfinealgeria.com\/wp-content\/uploads\/2014\/07\/design22.jpg&#8221; image_width=&#8221;800&#8243; image_height=&#8221;375&#8243; crop=&#8221;true&#8221; lightbox=&#8221;false&#8221; frame_style=&#8221;simple&#8221; target=&#8221;_self&#8221; caption_location=&#8221;inside-image&#8221; align=&#8221;center&#8221; margin_bottom=&#8221;10&#8243;][\/vc_column_inner][\/vc_row_inner][mk_fancy_title tag_name=&#8221;h2&#8243; style=&#8221;true&#8221; color=&#8221;#393836&#8243; size=&#8221;14&#8243; font_weight=&#8221;inhert&#8221; margin_top=&#8221;0&#8243; margin_bottom=&#8221;18&#8243; font_family=&#8221;none&#8221; align=&#8221;left&#8221;]\n<p>download<\/p>\n[\/mk_fancy_title][vc_row_inner][vc_column_inner width=&#8221;1\/5&#8243;][mk_image image_width=&#8221;100&#8243; image_height=&#8221;100&#8243; crop=&#8221;true&#8221; lightbox=&#8221;false&#8221; frame_style=&#8221;simple&#8221; target=&#8221;_blank&#8221; caption_location=&#8221;inside-image&#8221; align=&#8221;center&#8221; margin_bottom=&#8221;10&#8243; src=&#8221;http:\/\/www.rainfinealgeria.com\/wp-content\/uploads\/2014\/07\/design32.jpg&#8221;][mk_button dimension=&#8221;flat&#8221; size=&#8221;small&#8221; outline_skin=&#8221;dark&#8221; outline_active_color=&#8221;#ffffff&#8221; outline_hover_color=&#8221;#333333&#8243; bg_color=&#8221;#c10000&#8243; text_color=&#8221;light&#8221; target=&#8221;_blank&#8221; align=&#8221;center&#8221; fullwidth=&#8221;false&#8221; margin_top=&#8221;0&#8243; margin_bottom=&#8221;15&#8243; url=&#8221;\/pdf\/design\/pivot pipe pump design brochure.pdf&#8221; corner_style=&#8221;pointed&#8221; btn_hover_bg=&#8221;#252525&#8243; icon_anim=&#8221;none&#8221; button_custom_width=&#8221;0&#8243;]\npompe du tuyau de pivot pour brochure de conception<\/p>\n[\/mk_button][\/vc_column_inner][vc_column_inner width=&#8221;1\/5&#8243;][mk_image image_width=&#8221;100&#8243; image_height=&#8221;100&#8243; crop=&#8221;true&#8221; lightbox=&#8221;false&#8221; frame_style=&#8221;simple&#8221; target=&#8221;_blank&#8221; caption_location=&#8221;inside-image&#8221; align=&#8221;center&#8221; margin_bottom=&#8221;10&#8243; src=&#8221;http:\/\/www.rainfinealgeria.com\/wp-content\/uploads\/2014\/07\/solution-for-large-farm1.jpg&#8221;][mk_button dimension=&#8221;flat&#8221; size=&#8221;small&#8221; outline_skin=&#8221;dark&#8221; outline_active_color=&#8221;#ffffff&#8221; outline_hover_color=&#8221;#333333&#8243; bg_color=&#8221;#c10000&#8243; text_color=&#8221;light&#8221; target=&#8221;_blank&#8221; align=&#8221;center&#8221; fullwidth=&#8221;false&#8221; margin_top=&#8221;0&#8243; margin_bottom=&#8221;15&#8243; url=&#8221;\/pdf\/design\/Irrigation solution for large farm .pdf&#8221; corner_style=&#8221;pointed&#8221; btn_hover_bg=&#8221;#252525&#8243; icon_anim=&#8221;none&#8221; button_custom_width=&#8221;0&#8243;]\nsolution d&#8217;irrigation pour les grandes fermes<\/p>\n[\/mk_button][\/vc_column_inner][vc_column_inner width=&#8221;1\/5&#8243;][mk_image image_width=&#8221;100&#8243; image_height=&#8221;100&#8243; crop=&#8221;true&#8221; lightbox=&#8221;false&#8221; frame_style=&#8221;simple&#8221; target=&#8221;_blank&#8221; caption_location=&#8221;inside-image&#8221; align=&#8221;center&#8221; margin_bottom=&#8221;10&#8243; src=&#8221;http:\/\/www.rainfinealgeria.com\/wp-content\/uploads\/2014\/07\/water-solution1.jpg&#8221;][mk_button dimension=&#8221;flat&#8221; size=&#8221;small&#8221; outline_skin=&#8221;dark&#8221; outline_active_color=&#8221;#ffffff&#8221; outline_hover_color=&#8221;#333333&#8243; bg_color=&#8221;#c10000&#8243; text_color=&#8221;light&#8221; target=&#8221;_blank&#8221; align=&#8221;center&#8221; fullwidth=&#8221;false&#8221; margin_top=&#8221;0&#8243; margin_bottom=&#8221;15&#8243; url=&#8221;\/pdf\/design\/pump valve pipe catalog.pdf&#8221; corner_style=&#8221;pointed&#8221; btn_hover_bg=&#8221;#252525&#8243; icon_anim=&#8221;none&#8221; button_custom_width=&#8221;0&#8243;]\ncatalogue de pompe des tuyaux de soupape<\/p>\n[\/mk_button][\/vc_column_inner][vc_column_inner width=&#8221;1\/5&#8243;][mk_image image_width=&#8221;100&#8243; image_height=&#8221;100&#8243; crop=&#8221;true&#8221; lightbox=&#8221;false&#8221; frame_style=&#8221;simple&#8221; target=&#8221;_blank&#8221; caption_location=&#8221;inside-image&#8221; align=&#8221;center&#8221; margin_bottom=&#8221;10&#8243; src=&#8221;http:\/\/www.rainfinealgeria.com\/wp-content\/uploads\/2014\/07\/malawi2.jpg&#8221;][mk_button dimension=&#8221;flat&#8221; size=&#8221;small&#8221; outline_skin=&#8221;dark&#8221; outline_active_color=&#8221;#ffffff&#8221; outline_hover_color=&#8221;#333333&#8243; bg_color=&#8221;#c10000&#8243; text_color=&#8221;light&#8221; target=&#8221;_blank&#8221; align=&#8221;center&#8221; fullwidth=&#8221;false&#8221; margin_top=&#8221;0&#8243; margin_bottom=&#8221;15&#8243; url=&#8221;\/pdf\/design\/Malawi Project report .pdf&#8221; corner_style=&#8221;pointed&#8221; btn_hover_bg=&#8221;#252525&#8243; icon_anim=&#8221;none&#8221; button_custom_width=&#8221;0&#8243;] rapport du projet du Malawi<\/p>\n[\/mk_button][\/vc_column_inner][vc_column_inner width=&#8221;1\/5&#8243;][mk_image image_width=&#8221;100&#8243; image_height=&#8221;100&#8243; crop=&#8221;true&#8221; lightbox=&#8221;false&#8221; frame_style=&#8221;simple&#8221; target=&#8221;_blank&#8221; caption_location=&#8221;inside-image&#8221; align=&#8221;center&#8221; margin_bottom=&#8221;10&#8243; src=&#8221;http:\/\/www.rainfinealgeria.com\/wp-content\/uploads\/2014\/07\/charge-head12.jpg&#8221;][mk_button dimension=&#8221;flat&#8221; size=&#8221;small&#8221; outline_skin=&#8221;dark&#8221; outline_active_color=&#8221;#ffffff&#8221; outline_hover_color=&#8221;#333333&#8243; bg_color=&#8221;#c10000&#8243; text_color=&#8221;light&#8221; target=&#8221;_blank&#8221; align=&#8221;center&#8221; fullwidth=&#8221;false&#8221; margin_top=&#8221;0&#8243; margin_bottom=&#8221;15&#8243; url=&#8221;\/pdf\/design\/How to know charge head of pump.pdf&#8221; corner_style=&#8221;pointed&#8221; btn_hover_bg=&#8221;#252525&#8243; icon_anim=&#8221;none&#8221; button_custom_width=&#8221;0&#8243;]savoir comment charger la t\u00eate d&#8217;une pompe<\/p>\n[\/mk_button][\/vc_column_inner][\/vc_row_inner][\/vc_column][\/vc_row]\n","protected":false},"excerpt":{"rendered":"<p>[vc_row][vc_column width=&#8221;1\/1&#8243;][mk_image sr [&hellip;]<\/p>\n","protected":false},"author":1,"featured_media":0,"parent":8866,"menu_order":0,"comment_status":"open","ping_status":"closed","template":"","meta":[],"yoast_head":"<!-- This site is optimized with the Yoast SEO plugin v19.1 - https:\/\/yoast.com\/wordpress\/plugins\/seo\/ -->\n<title>Obtenir une conception gratuite - Syst\u00e8mes d\u2019irrigation Rainfine Pivot Central<\/title>\n<meta name=\"robots\" content=\"index, follow, max-snippet:-1, max-image-preview:large, max-video-preview:-1\" \/>\n<link rel=\"canonical\" href=\"https:\/\/www.rainfinealgeria.com\/?page_id=10027\" \/>\n<meta property=\"og:locale\" content=\"zh_CN\" \/>\n<meta property=\"og:type\" content=\"article\" \/>\n<meta property=\"og:title\" content=\"Obtenir une conception gratuite - Syst\u00e8mes d\u2019irrigation Rainfine Pivot Central\" \/>\n<meta property=\"og:description\" content=\"[vc_row][vc_column width=&#8221;1\/1&#8243;][mk_image sr [&hellip;]\" \/>\n<meta property=\"og:url\" content=\"https:\/\/www.rainfinealgeria.com\/?page_id=10027\" \/>\n<meta property=\"og:site_name\" content=\"Syst\u00e8mes d\u2019irrigation Rainfine Pivot Central\" \/>\n<meta property=\"article:publisher\" content=\"https:\/\/www.facebook.com\/profile.php?id=100010612685372\" \/>\n<meta property=\"article:modified_time\" content=\"2015-12-17T09:51:30+00:00\" \/>\n<meta name=\"twitter:card\" content=\"summary_large_image\" \/>\n<meta name=\"twitter:site\" content=\"@rainfineirriga1\" \/>\n<meta name=\"twitter:label1\" content=\"\u9884\u8ba1\u9605\u8bfb\u65f6\u95f4\" \/>\n\t<meta name=\"twitter:data1\" content=\"6\u5206\" \/>\n<script type=\"application\/ld+json\" class=\"yoast-schema-graph\">{\"@context\":\"https:\/\/schema.org\",\"@graph\":[{\"@type\":\"Organization\",\"@id\":\"https:\/\/www.rainfinealgeria.com\/#organization\",\"name\":\"Rainfine (Dalian)Irrigation Co.,Ltd\",\"url\":\"https:\/\/www.rainfinealgeria.com\/\",\"sameAs\":[\"https:\/\/www.facebook.com\/profile.php?id=100010612685372\",\"https:\/\/twitter.com\/rainfineirriga1\"],\"logo\":{\"@type\":\"ImageObject\",\"inLanguage\":\"zh-CN\",\"@id\":\"https:\/\/www.rainfinealgeria.com\/#\/schema\/logo\/image\/\",\"url\":\"https:\/\/www.rainfinealgeria.com\/wp-content\/uploads\/2022\/07\/RAINFINE-LOGO.jpg\",\"contentUrl\":\"https:\/\/www.rainfinealgeria.com\/wp-content\/uploads\/2022\/07\/RAINFINE-LOGO.jpg\",\"width\":1542,\"height\":437,\"caption\":\"Rainfine (Dalian)Irrigation Co.,Ltd\"},\"image\":{\"@id\":\"https:\/\/www.rainfinealgeria.com\/#\/schema\/logo\/image\/\"}},{\"@type\":\"WebSite\",\"@id\":\"https:\/\/www.rainfinealgeria.com\/#website\",\"url\":\"https:\/\/www.rainfinealgeria.com\/\",\"name\":\"Syst\u00e8mes d\u2019irrigation Rainfine Pivot Central\",\"description\":\"Pivot Central\",\"publisher\":{\"@id\":\"https:\/\/www.rainfinealgeria.com\/#organization\"},\"potentialAction\":[{\"@type\":\"SearchAction\",\"target\":{\"@type\":\"EntryPoint\",\"urlTemplate\":\"https:\/\/www.rainfinealgeria.com\/?s={search_term_string}\"},\"query-input\":\"required name=search_term_string\"}],\"inLanguage\":\"zh-CN\"},{\"@type\":\"WebPage\",\"@id\":\"https:\/\/www.rainfinealgeria.com\/?page_id=10027#webpage\",\"url\":\"https:\/\/www.rainfinealgeria.com\/?page_id=10027\",\"name\":\"Obtenir une conception gratuite - Syst\u00e8mes d\u2019irrigation Rainfine Pivot Central\",\"isPartOf\":{\"@id\":\"https:\/\/www.rainfinealgeria.com\/#website\"},\"datePublished\":\"2014-07-28T10:06:34+00:00\",\"dateModified\":\"2015-12-17T09:51:30+00:00\",\"breadcrumb\":{\"@id\":\"https:\/\/www.rainfinealgeria.com\/?page_id=10027#breadcrumb\"},\"inLanguage\":\"zh-CN\",\"potentialAction\":[{\"@type\":\"ReadAction\",\"target\":[\"https:\/\/www.rainfinealgeria.com\/?page_id=10027\"]}]},{\"@type\":\"BreadcrumbList\",\"@id\":\"https:\/\/www.rainfinealgeria.com\/?page_id=10027#breadcrumb\",\"itemListElement\":[{\"@type\":\"ListItem\",\"position\":1,\"name\":\"\u9996\u9875\",\"item\":\"https:\/\/www.rainfinealgeria.com\/\"},{\"@type\":\"ListItem\",\"position\":2,\"name\":\"DESIGN\",\"item\":\"https:\/\/www.rainfinealgeria.com\/?page_id=8866\"},{\"@type\":\"ListItem\",\"position\":3,\"name\":\"Obtenir une conception gratuite\"}]}]}<\/script>\n<!-- \/ Yoast SEO plugin. -->","yoast_head_json":{"title":"Obtenir une conception gratuite - Syst\u00e8mes d\u2019irrigation Rainfine Pivot Central","robots":{"index":"index","follow":"follow","max-snippet":"max-snippet:-1","max-image-preview":"max-image-preview:large","max-video-preview":"max-video-preview:-1"},"canonical":"https:\/\/www.rainfinealgeria.com\/?page_id=10027","og_locale":"zh_CN","og_type":"article","og_title":"Obtenir une conception gratuite - Syst\u00e8mes d\u2019irrigation Rainfine Pivot Central","og_description":"[vc_row][vc_column width=&#8221;1\/1&#8243;][mk_image sr [&hellip;]","og_url":"https:\/\/www.rainfinealgeria.com\/?page_id=10027","og_site_name":"Syst\u00e8mes d\u2019irrigation Rainfine Pivot Central","article_publisher":"https:\/\/www.facebook.com\/profile.php?id=100010612685372","article_modified_time":"2015-12-17T09:51:30+00:00","twitter_card":"summary_large_image","twitter_site":"@rainfineirriga1","twitter_misc":{"\u9884\u8ba1\u9605\u8bfb\u65f6\u95f4":"6\u5206"},"schema":{"@context":"https:\/\/schema.org","@graph":[{"@type":"Organization","@id":"https:\/\/www.rainfinealgeria.com\/#organization","name":"Rainfine (Dalian)Irrigation Co.,Ltd","url":"https:\/\/www.rainfinealgeria.com\/","sameAs":["https:\/\/www.facebook.com\/profile.php?id=100010612685372","https:\/\/twitter.com\/rainfineirriga1"],"logo":{"@type":"ImageObject","inLanguage":"zh-CN","@id":"https:\/\/www.rainfinealgeria.com\/#\/schema\/logo\/image\/","url":"https:\/\/www.rainfinealgeria.com\/wp-content\/uploads\/2022\/07\/RAINFINE-LOGO.jpg","contentUrl":"https:\/\/www.rainfinealgeria.com\/wp-content\/uploads\/2022\/07\/RAINFINE-LOGO.jpg","width":1542,"height":437,"caption":"Rainfine (Dalian)Irrigation Co.,Ltd"},"image":{"@id":"https:\/\/www.rainfinealgeria.com\/#\/schema\/logo\/image\/"}},{"@type":"WebSite","@id":"https:\/\/www.rainfinealgeria.com\/#website","url":"https:\/\/www.rainfinealgeria.com\/","name":"Syst\u00e8mes d\u2019irrigation Rainfine Pivot Central","description":"Pivot Central","publisher":{"@id":"https:\/\/www.rainfinealgeria.com\/#organization"},"potentialAction":[{"@type":"SearchAction","target":{"@type":"EntryPoint","urlTemplate":"https:\/\/www.rainfinealgeria.com\/?s={search_term_string}"},"query-input":"required name=search_term_string"}],"inLanguage":"zh-CN"},{"@type":"WebPage","@id":"https:\/\/www.rainfinealgeria.com\/?page_id=10027#webpage","url":"https:\/\/www.rainfinealgeria.com\/?page_id=10027","name":"Obtenir une conception gratuite - Syst\u00e8mes d\u2019irrigation Rainfine Pivot Central","isPartOf":{"@id":"https:\/\/www.rainfinealgeria.com\/#website"},"datePublished":"2014-07-28T10:06:34+00:00","dateModified":"2015-12-17T09:51:30+00:00","breadcrumb":{"@id":"https:\/\/www.rainfinealgeria.com\/?page_id=10027#breadcrumb"},"inLanguage":"zh-CN","potentialAction":[{"@type":"ReadAction","target":["https:\/\/www.rainfinealgeria.com\/?page_id=10027"]}]},{"@type":"BreadcrumbList","@id":"https:\/\/www.rainfinealgeria.com\/?page_id=10027#breadcrumb","itemListElement":[{"@type":"ListItem","position":1,"name":"\u9996\u9875","item":"https:\/\/www.rainfinealgeria.com\/"},{"@type":"ListItem","position":2,"name":"DESIGN","item":"https:\/\/www.rainfinealgeria.com\/?page_id=8866"},{"@type":"ListItem","position":3,"name":"Obtenir une conception gratuite"}]}]}},"_links":{"self":[{"href":"https:\/\/www.rainfinealgeria.com\/index.php?rest_route=\/wp\/v2\/pages\/10027"}],"collection":[{"href":"https:\/\/www.rainfinealgeria.com\/index.php?rest_route=\/wp\/v2\/pages"}],"about":[{"href":"https:\/\/www.rainfinealgeria.com\/index.php?rest_route=\/wp\/v2\/types\/page"}],"author":[{"embeddable":true,"href":"https:\/\/www.rainfinealgeria.com\/index.php?rest_route=\/wp\/v2\/users\/1"}],"replies":[{"embeddable":true,"href":"https:\/\/www.rainfinealgeria.com\/index.php?rest_route=%2Fwp%2Fv2%2Fcomments&post=10027"}],"version-history":[{"count":5,"href":"https:\/\/www.rainfinealgeria.com\/index.php?rest_route=\/wp\/v2\/pages\/10027\/revisions"}],"predecessor-version":[{"id":11505,"href":"https:\/\/www.rainfinealgeria.com\/index.php?rest_route=\/wp\/v2\/pages\/10027\/revisions\/11505"}],"up":[{"embeddable":true,"href":"https:\/\/www.rainfinealgeria.com\/index.php?rest_route=\/wp\/v2\/pages\/8866"}],"wp:attachment":[{"href":"https:\/\/www.rainfinealgeria.com\/index.php?rest_route=%2Fwp%2Fv2%2Fmedia&parent=10027"}],"curies":[{"name":"wp","href":"https:\/\/api.w.org\/{rel}","templated":true}]}}